{"id":1156,"date":"2024-11-27T19:22:09","date_gmt":"2024-11-27T22:22:09","guid":{"rendered":"https:\/\/isfd139-bue.infd.edu.ar\/sitio\/?page_id=1156"},"modified":"2025-10-21T17:20:29","modified_gmt":"2025-10-21T20:20:29","slug":"inscripciones-a-1-ano","status":"publish","type":"page","link":"https:\/\/isfd139-bue.infd.edu.ar\/sitio\/inscripciones-a-1-ano\/","title":{"rendered":"Inscripciones a 1\u00b0 a\u00f1o"},"content":{"rendered":"\n<p><\/p>\n\n\n\n<p><strong>Bienvenidas y Bienvenidos<\/strong><\/p>\n\n\n\n<p>En este apartado encontrar\u00e1n el <strong><a href=\"https:\/\/drive.google.com\/drive\/folders\/1MZnQT9kJIQsMasuLUR9aGtYicnwxGtjB?usp=sharing\" target=\"_blank\" rel=\"noreferrer noopener\">enlace para descargar los archivos de inscripci\u00f3n<\/a><\/strong>, que luego deber\u00e1n presentar en la instituci\u00f3n para completar el tr\u00e1mite.<\/p>\n\n\n\n<p><strong>Adem\u00e1s, pueden mantenerse informados a trav\u00e9s de los siguientes canales:<\/strong><\/p>\n\n\n\n<ul>\n<li><strong><a rel=\"noreferrer noopener\" href=\"https:\/\/www.instagram.com\/isfdyt139?igsh=MWZjMDV6ZnVrd2MxeA==\" target=\"_blank\">Perfil de Instagram<\/a><\/strong> <\/li>\n<\/ul>\n\n\n\n<p><strong>\u00a1No olviden revisar regularmente para no perderse ning\u00fan detalle importante!<\/strong><\/p>\n","protected":false},"excerpt":{"rendered":"<p>Bienvenidas y Bienvenidos En este apartado encontrar\u00e1n el enlace para descargar los archivos de inscripci\u00f3n, que luego deber\u00e1n presentar en la instituci\u00f3n para completar el tr\u00e1mite. Adem\u00e1s, pueden mantenerse informados a trav\u00e9s de los siguientes canales: \u00a1No olviden revisar regularmente para no perderse ning\u00fan detalle importante!<\/p>\n","protected":false},"author":392,"featured_media":0,"parent":0,"menu_order":0,"comment_status":"closed","ping_status":"closed","template":"","meta":[],"acf":[],"_links":{"self":[{"href":"https:\/\/isfd139-bue.infd.edu.ar\/sitio\/wp-json\/wp\/v2\/pages\/1156"}],"collection":[{"href":"https:\/\/isfd139-bue.infd.edu.ar\/sitio\/wp-json\/wp\/v2\/pages"}],"about":[{"href":"https:\/\/isfd139-bue.infd.edu.ar\/sitio\/wp-json\/wp\/v2\/types\/page"}],"author":[{"embeddable":true,"href":"https:\/\/isfd139-bue.infd.edu.ar\/sitio\/wp-json\/wp\/v2\/users\/392"}],"replies":[{"embeddable":true,"href":"https:\/\/isfd139-bue.infd.edu.ar\/sitio\/wp-json\/wp\/v2\/comments?post=1156"}],"version-history":[{"count":7,"href":"https:\/\/isfd139-bue.infd.edu.ar\/sitio\/wp-json\/wp\/v2\/pages\/1156\/revisions"}],"predecessor-version":[{"id":1238,"href":"https:\/\/isfd139-bue.infd.edu.ar\/sitio\/wp-json\/wp\/v2\/pages\/1156\/revisions\/1238"}],"wp:attachment":[{"href":"https:\/\/isfd139-bue.infd.edu.ar\/sitio\/wp-json\/wp\/v2\/media?parent=1156"}],"curies":[{"name":"wp","href":"https:\/\/api.w.org\/{rel}","templated":true}]}}