{"id":1166,"date":"2024-12-05T20:07:15","date_gmt":"2024-12-05T23:07:15","guid":{"rendered":"https:\/\/isfd139-bue.infd.edu.ar\/sitio\/?page_id=1166"},"modified":"2024-12-06T20:45:24","modified_gmt":"2024-12-06T23:45:24","slug":"inscripciones-a-anos-superiores","status":"publish","type":"page","link":"https:\/\/isfd139-bue.infd.edu.ar\/sitio\/inscripciones-a-anos-superiores\/","title":{"rendered":"Inscripciones a a\u00f1os superiores"},"content":{"rendered":"\n<p><strong>Bienvenidas y Bienvenidos<\/strong><\/p>\n\n\n\n<p>En este apartado encontrar\u00e1n el\u00a0<a href=\"https:\/\/drive.google.com\/drive\/folders\/1asqMZk6kZ6d1T-Mvw5MqhGtRK_L2FEnu?usp=sharing\">enlace para descargar los archivos de inscripci\u00f3n a a\u00f1os superiores<\/a>, que luego deber\u00e1n presentar en la instituci\u00f3n para completar el tr\u00e1mite.<\/p>\n\n\n\n<p><strong>Adem\u00e1s, pueden mantenerse informados a trav\u00e9s de los siguientes canales:<\/strong><\/p>\n\n\n\n<ul>\n<li><strong><a href=\"https:\/\/www.instagram.com\/isfdyt139?igsh=MWZjMDV6ZnVrd2MxeA==\">Perfil de Instagram<\/a><\/strong>&nbsp;(para publicaciones actualizadas sobre el proceso).<\/li>\n<\/ul>\n","protected":false},"excerpt":{"rendered":"<p>Bienvenidas y Bienvenidos En este apartado encontrar\u00e1n el\u00a0enlace para descargar los archivos de inscripci\u00f3n a a\u00f1os superiores, que luego deber\u00e1n presentar en la instituci\u00f3n para completar el tr\u00e1mite. Adem\u00e1s, pueden mantenerse informados a trav\u00e9s de los siguientes canales:<\/p>\n","protected":false},"author":392,"featured_media":0,"parent":0,"menu_order":0,"comment_status":"closed","ping_status":"closed","template":"","meta":[],"acf":[],"_links":{"self":[{"href":"https:\/\/isfd139-bue.infd.edu.ar\/sitio\/wp-json\/wp\/v2\/pages\/1166"}],"collection":[{"href":"https:\/\/isfd139-bue.infd.edu.ar\/sitio\/wp-json\/wp\/v2\/pages"}],"about":[{"href":"https:\/\/isfd139-bue.infd.edu.ar\/sitio\/wp-json\/wp\/v2\/types\/page"}],"author":[{"embeddable":true,"href":"https:\/\/isfd139-bue.infd.edu.ar\/sitio\/wp-json\/wp\/v2\/users\/392"}],"replies":[{"embeddable":true,"href":"https:\/\/isfd139-bue.infd.edu.ar\/sitio\/wp-json\/wp\/v2\/comments?post=1166"}],"version-history":[{"count":3,"href":"https:\/\/isfd139-bue.infd.edu.ar\/sitio\/wp-json\/wp\/v2\/pages\/1166\/revisions"}],"predecessor-version":[{"id":1172,"href":"https:\/\/isfd139-bue.infd.edu.ar\/sitio\/wp-json\/wp\/v2\/pages\/1166\/revisions\/1172"}],"wp:attachment":[{"href":"https:\/\/isfd139-bue.infd.edu.ar\/sitio\/wp-json\/wp\/v2\/media?parent=1166"}],"curies":[{"name":"wp","href":"https:\/\/api.w.org\/{rel}","templated":true}]}}