{"id":286,"date":"2016-10-31T13:17:59","date_gmt":"2016-10-31T16:17:59","guid":{"rendered":"https:\/\/isfd139-bue.infd.edu.ar\/sitio\/?page_id=286"},"modified":"2025-10-21T16:30:44","modified_gmt":"2025-10-21T19:30:44","slug":"inicio","status":"publish","type":"page","link":"https:\/\/isfd139-bue.infd.edu.ar\/sitio\/","title":{"rendered":"Inicio"},"content":{"rendered":"<div id=\"metaslider-id-403\" style=\"width: 100%;\" class=\"ml-slider-3-33-0 metaslider metaslider-flex metaslider-403 ml-slider ms-theme-default\" role=\"region\" aria-roledescription=\"Slideshow\" aria-label=\"Slideshow\">\n    <div id=\"metaslider_container_403\">\n        <div id=\"metaslider_403\" class=\"flexslider\">\n            <ul aria-live=\"polite\" class=\"slides\">\n                <li style=\"display: block; width: 100%;\" class=\"slide-607 ms-image\" aria-roledescription=\"slide\" aria-label=\"slide-607\"><a href=\"https:\/\/mapa.infd.edu.ar\/\" target=\"_blank\"><img src=\"https:\/\/isfd139-bue.infd.edu.ar\/sitio\/wp-content\/uploads\/2018\/06\/mapa_infd6-1100x200.png\" height=\"200\" width=\"1100\" alt=\"\" class=\"slider-403 slide-607\" title=\"mapa_infd6\" \/><\/a><\/li>\n                <li style=\"display: none; width: 100%;\" class=\"slide-609 ms-image\" aria-roledescription=\"slide\" aria-label=\"slide-609\"><a href=\"https:\/\/www.argentina.gob.ar\/educacion\/becas\" target=\"_blank\"><img src=\"https:\/\/isfd139-bue.infd.edu.ar\/sitio\/wp-content\/uploads\/2018\/06\/becas7-1100x200.png\" height=\"200\" width=\"1100\" alt=\"\" class=\"slider-403 slide-609\" title=\"becas7\" \/><\/a><\/li>\n                <li style=\"display: none; width: 100%;\" class=\"slide-635 ms-image\" aria-roledescription=\"slide\" aria-label=\"slide-635\"><a href=\"https:\/\/www.argentina.gob.ar\/tema\/estudiar\/formacion-docencia\" target=\"_blank\"><img src=\"https:\/\/isfd139-bue.infd.edu.ar\/sitio\/wp-content\/uploads\/2018\/06\/convocatorias_slide6-1-1100x200.png\" height=\"200\" width=\"1100\" alt=\"\" class=\"slider-403 slide-635\" title=\"convocatorias_slide6-1\" \/><\/a><\/li>\n            <\/ul>\n        <\/div>\n        \n    <\/div>\n<\/div>\n<table id=\"table1\" style=\"width: 1136px; border-top-width: 0px; border-right-width: 0px; border-left-width: 0px; height: 1062px;\" border=\"1\" cellspacing=\"0\" cellpadding=\"10\">\n<tbody>\n<tr>\n<td style=\"border: 1px solid; text-align: center;\">\n<h1 style=\"text-align: center;\"><span style=\"color: #000000; font-family: verdana, geneva; font-size: 14pt;\" data-mce-mark=\"1\"><span style=\"font-size: 18pt;\"><strong>Instituto Superior de Formaci\u00f3n<\/strong><\/span><\/span><\/h1>\n<h1 style=\"text-align: center;\"><span style=\"font-family: verdana, geneva; font-size: 18pt; color: #000000;\"><strong> Docente y T\u00e9cnica \u00a0 N\u00b0 139<\/strong><\/span><\/h1>\n<p><span style=\"color: #3e748e; font-family: arial,helvetica,sans-serif; font-size: 14pt;\" data-mce-mark=\"1\"><br \/><img decoding=\"async\" loading=\"lazy\" src=\"https:\/\/isfd139-bue.infd.edu.ar\/sitio\/wp-content\/uploads\/2018\/08\/P1040966.jpg\" width=\"468\" height=\"344\" border=\"0\" \/><\/span><\/p>\n<h2 style=\"text-align: center;\"><span style=\"color: #000000;\"><span style=\"font-family: verdana, geneva; font-size: 12pt;\" data-mce-mark=\"1\">Bienvenidos al\u00a0Instituto Superior de Formaci\u00f3n Docente y T\u00e9cnica\u00a0 N\u00ba 139<\/span>\u00a0<\/span><\/h2>\n<h2 style=\"text-align: center;\"><span style=\"color: #000000; font-family: verdana, geneva; font-size: 12pt;\" data-mce-mark=\"1\">Carmen de Areco \u2013 Buenos Aires<\/span>\u00a0<\/h2>\n<p style=\"text-align: justify;\"><span style=\"font-family: verdana, geneva; text-align: justify;\">El Instituto Superior de Formaci\u00f3n Docente y T\u00e9cnica\u00a0 N\u00ba 139, creado en 1987, integra junto a la Escuela de Educaci\u00f3n Secundaria N\u00b0 2 la Unidad Acad\u00e9mica \u201cESCUELA NORMAL SUPERIOR \u201cMARIANO MORENO\u201d, ex Colegio Nacional de Carmen de Areco, una cincuentenaria Instituci\u00f3n educativa.<\/span><\/p>\n<p style=\"text-align: justify;\"><span style=\"font-family: verdana,geneva;\" data-mce-mark=\"1\">En este sitio en Internet compartiremos experiencias, novedades, acercaremos informaci\u00f3n, apoyo y asesoramiento a alumnos, docentes e interesados en formar parte de nuestra comunidad educativa.<\/span><\/p>\n<p style=\"text-align: justify;\"><span style=\"font-family: verdana,geneva;\" data-mce-mark=\"1\">Junto a varios cientos de Institutos de nuestro Pa\u00eds, integramos la <em><strong>Red Virtual de Institutos Superiores de Formaci\u00f3n Docente <\/strong><\/em>coordinada por el <strong>INFD <\/strong>(Instituto Nacional de Formaci\u00f3n Docente) dependiente del Ministerio de Educaci\u00f3n de la Naci\u00f3n Argentina.<\/span><\/p>\n<address>\u00a0<\/address>\n<address>\n<hr \/>\n<\/address>\n<div class=\"infolinebig\">\u00a0<\/div>\n<div class=\"middle_part\">\n<div class=\"infolinebig\">\n<div class=\"middle\">\u00a0<\/div>\n<\/div>\n<\/div>\n<\/td>\n<\/tr>\n<\/tbody>\n<\/table>\n","protected":false},"excerpt":{"rendered":"<p>Instituto Superior de Formaci\u00f3n Docente y T\u00e9cnica \u00a0 N\u00b0 139 Bienvenidos al\u00a0Instituto Superior de Formaci\u00f3n Docente y T\u00e9cnica\u00a0 N\u00ba 139\u00a0 Carmen de Areco \u2013 Buenos Aires\u00a0 El Instituto Superior de Formaci\u00f3n Docente y T\u00e9cnica\u00a0 N\u00ba 139, creado en 1987, integra junto a la Escuela de Educaci\u00f3n Secundaria N\u00b0 2 la Unidad Acad\u00e9mica \u201cESCUELA NORMAL SUPERIOR &#8230; <a title=\"Inicio\" class=\"read-more\" href=\"https:\/\/isfd139-bue.infd.edu.ar\/sitio\/\" aria-label=\"More on Inicio\">[+]<\/a><\/p>\n","protected":false},"author":1,"featured_media":0,"parent":0,"menu_order":0,"comment_status":"closed","ping_status":"closed","template":"","meta":[],"acf":[],"_links":{"self":[{"href":"https:\/\/isfd139-bue.infd.edu.ar\/sitio\/wp-json\/wp\/v2\/pages\/286"}],"collection":[{"href":"https:\/\/isfd139-bue.infd.edu.ar\/sitio\/wp-json\/wp\/v2\/pages"}],"about":[{"href":"https:\/\/isfd139-bue.infd.edu.ar\/sitio\/wp-json\/wp\/v2\/types\/page"}],"author":[{"embeddable":true,"href":"https:\/\/isfd139-bue.infd.edu.ar\/sitio\/wp-json\/wp\/v2\/users\/1"}],"replies":[{"embeddable":true,"href":"https:\/\/isfd139-bue.infd.edu.ar\/sitio\/wp-json\/wp\/v2\/comments?post=286"}],"version-history":[{"count":88,"href":"https:\/\/isfd139-bue.infd.edu.ar\/sitio\/wp-json\/wp\/v2\/pages\/286\/revisions"}],"predecessor-version":[{"id":1235,"href":"https:\/\/isfd139-bue.infd.edu.ar\/sitio\/wp-json\/wp\/v2\/pages\/286\/revisions\/1235"}],"wp:attachment":[{"href":"https:\/\/isfd139-bue.infd.edu.ar\/sitio\/wp-json\/wp\/v2\/media?parent=286"}],"curies":[{"name":"wp","href":"https:\/\/api.w.org\/{rel}","templated":true}]}}