{"id":769,"date":"2018-08-29T16:58:21","date_gmt":"2018-08-29T19:58:21","guid":{"rendered":"https:\/\/isfd139-bue.infd.edu.ar\/sitio\/docentes\/"},"modified":"2023-12-21T19:21:02","modified_gmt":"2023-12-21T22:21:02","slug":"docentes-y-personal-auxiliar","status":"publish","type":"page","link":"https:\/\/isfd139-bue.infd.edu.ar\/sitio\/docentes-y-personal-auxiliar\/","title":{"rendered":"Docentes y Personal Auxiliar de la Instituci\u00f3n"},"content":{"rendered":"\n<div class=\"wp-block-group has-contrast-color has-text-color is-vertical is-content-justification-left is-layout-flex wp-container-1\" style=\"font-size:14px\">\n<div style=\"text-align: center;\">\n<p><strong>Abalo, Marta Susana: <\/strong>Traductora P\u00fablica en Ingl\u00e9s<\/p>\n<p><strong>Alvarez, Flavia Roxana:<\/strong><strong> Prof. de Educaci\u00f3n F\u00edsica<\/strong><\/p>\n<p><strong>Barrag\u00e1n, Daiana: <\/strong>Lic. en Terapia ocupacional<\/p>\n<p><strong>Barrag\u00e1n, Rub\u00e9n Omar:<\/strong> Lic. en Educaci\u00f3n &#8211; Prof. de Matem\u00e1ticas &#8211; Prof. de Filosof\u00eda &#8211; Esp. en Educaci\u00f3n y TIC &#8211; Esp. en Ense\u00f1anza de la Matem\u00e1tica &#8211; Esp. en Pol\u00edticas Socioeducativas &#8211;\u00a0E. T. R. de la Regi\u00f3n XIII<\/p>\n<p><strong>Bava, Guillermo Santiago: <\/strong>Tec. Sup. Prog. con Form. Docente<\/p>\n<p><strong>Bustamante, Mar\u00eda Ver\u00f3nica: <\/strong>M\u00e9dico Odont\u00f3logo<\/p>\n<p><strong>Castro, Alberto Fabi\u00e1n: <\/strong>Contador P\u00fablico<\/p>\n<p><strong>Cerioni, Octavio:<\/strong> Contador P\u00fablico<\/p>\n<p><strong>Colombo, Mar\u00eda Valeria:<\/strong> Abogada y Formaci\u00f3n de Nivel Superior<\/p>\n<p><strong>Cross, Y\u00e9sica Paola: <\/strong>Contador P\u00fablicos<\/p>\n<p><strong>Degrugiller, Daiana Pamela: <\/strong>Lic. en Psicolog\u00eda<\/p>\n<p><strong>Deprati, Camila Daiana:<\/strong> Prof. en Artes Visuales con Orientaci\u00f3n Pintura<\/p>\n<p><strong>Dos Santos, Mar\u00eda Natalia:<\/strong> Prof. de Nivel Medio y Superior en Comunicaci\u00f3n Social<\/p>\n<p><strong>Escobedo, Debora Anal\u00eda:<\/strong> Profesorado para la Ense\u00f1anza Primaria<\/p>\n<p><strong>Fern\u00e1ndez, Milagros Ayelen: <\/strong>Prof. de Ingles<\/p>\n<p><strong>Ferreyra, Andrea Liliana:<\/strong> Lic. en Psicolog\u00eda<\/p>\n<p><strong>Giorgio Ciofalo, Mar\u00eda del Rosario: <\/strong>Prof. de Ingles para EGB 1y2 y Polimodal<\/p>\n<p><strong>Gordillo, Natalia Daniela:<\/strong> Prof. de Educaci\u00f3n\u00a0F\u00edsica<\/p>\n<p><strong>Guerrero, Adriana:<\/strong> Prof. de Ense\u00f1anza Primaria y Preescolar<\/p>\n<p><strong>Hendriksen, Silvina: <\/strong>M\u00e9dico veterinario<\/p>\n<p><strong>Herrero, Fernando:<\/strong> Bar tender Profesional<\/p>\n<p><strong>Iberbia, Leonardo Luis C:<\/strong> Prof. de Historia<\/p>\n<p><strong>Iglesias, Mar\u00eda Cristina: <\/strong>Prof. Filosof\u00eda y Pedagog\u00eda<\/p>\n<p><strong>Juri, Daiana Judit: <\/strong>Lic. en Psicolog\u00eda<\/p>\n<p><strong>Ledesma, Andrea Marcela: <\/strong>Prof. de Educaci\u00f3n Inicial<\/p>\n<p><strong>Ledesma, Valeria Daniela: <\/strong>Prof. Lic. Ciencias de la Educaci\u00f3n<\/p>\n<p><strong>Lombardo, Gabriela Micaela: <\/strong>Prof. en Historia<\/p>\n<p><strong>L\u00f3pez Espinosa, Claudia:<\/strong> Lic. en Letras y Prof. en Docencia Superior<\/p>\n<p><strong>L\u00f3pez, Augusto:<\/strong> Prof. Universitario en Historia<\/p>\n<p><strong>Luppi, Carlos Armando Ezequiel:<\/strong> Prof. en Geograf\u00eda<\/p>\n<p><strong>Manrique, Karen Pamela:<\/strong> Abogada. Esp. en Pol\u00edticas Publicas de Ni\u00f1ez y Flia<\/p>\n<p><strong>Marchissio, Mar\u00eda P\u00eda:<\/strong> Licenciada en Obstetricia\u00a0y Ginecolog\u00eda<\/p>\n<p><strong>Marchissio, Susana Leonor:<\/strong> Lic. en Zoolog\u00eda &#8211; Diplomado Superior en Ense\u00f1anza de las Ciencias &#8211; E. T. R. de la Regi\u00f3n XIII<\/p>\n<p><strong>Marino, Oscar: <\/strong>Prof. en Ingl\u00e9s<\/p>\n<p><strong>Mart\u00edn, Adriana Teresa: <\/strong>Lic. Ciencias de la Educaci\u00f3n<\/p>\n<p><strong>Marucci, Adriana Esther: <\/strong>Prof. en Educaci\u00f3n Preescolar<\/p>\n<p><strong>Minadeo, Guillermo Dami\u00e1n:<\/strong> Prof. de Ingles<\/p>\n<p><strong>Muzzio, Carlos Javier:<\/strong> Ing. Forestal y Prof. en Disciplinas Industriales<\/p>\n<p><strong>Muzzio, Cristian Eduardo:<\/strong> Lic. en Higiene y Seguridad Laboral<\/p>\n<p><strong>Per\u00e9z, Marina Natalia: <\/strong>Prof. en Educaci\u00f3n Primaria &#8211; Prof. en Matem\u00e1tica<\/p>\n<p><strong>Piergallini, Gustavo Mario:<\/strong> Lic. en Administraci\u00f3n Empresas &#8211; Post. Grado Form. Docente<\/p>\n<p><strong>Poggi, Jorge Antonio:<\/strong> Contador P\u00fablico &#8211; Lic. en ADM &#8211; Prof. Doc. Superior<\/p>\n<p><strong>Pomponio, Dora Cristina: <\/strong>Lic. en\u00a0Administraci\u00f3n<\/p>\n<p><strong>Puente, Karina Elisabet:<\/strong> Prof. en Geograf\u00eda<\/p>\n<p><strong>Pusi, Karen Jazm\u00edn<\/strong><\/p>\n<p><strong>Rampoldi, Mar\u00eda Alejandra<\/strong><\/p>\n<p><strong>Romero, Mar\u00eda Cecilia:<\/strong> Lic. en Psicolog\u00eda<\/p>\n<p><strong>Valdez, Yanina:<\/strong> Lic. en ADM de Empresas &#8211; Profesorado en Docencia Superior<\/p>\n<p><strong>Varela, Lidia Lorena:<\/strong> Abogada<\/p>\n<p><strong>Zapata, Emilia Clara Alicia:<\/strong> Prof. Ed Inicial &#8211; Prof. Ed Primaria<\/p>\n<\/div>\n<\/div>\n\n\n\n<ul class=\"has-contrast-color has-text-color\">\n<li><strong><span style=\"color: blue\">BIBLIOTECARIA:<\/span> <\/strong>Bahut, \u00c9rica Natalia:&nbsp;Bibliotecaria<\/li>\n\n\n\n<li><strong><span style=\"color: blue\">PRECEPTOR:<\/span> <\/strong>Olmedo, Lucia: Prof. de Secundaria en Econom\u00eda <\/li>\n\n\n\n<li><strong><span style=\"color: blue\"> ENCARGADO DE MEDIOS DE APOYO T\u00c9CNICO PEDAG\u00d3GICOS:<\/span> <\/strong>Duche, Mart\u00edn Ram\u00f3n: Tec. con Form. Docente<\/li>\n\n\n\n<li><strong><span style=\"color: blue\"> PERSONAL AUXILIAR:<\/span>&nbsp;<\/strong>Alvarenga, Fabian y Correa, Silva<\/li>\n<\/ul>\n","protected":false},"excerpt":{"rendered":"<p>Abalo, Marta Susana: Traductora P\u00fablica en Ingl\u00e9s Alvarez, Flavia Roxana: Prof. de Educaci\u00f3n F\u00edsica Barrag\u00e1n, Daiana: Lic. en Terapia ocupacional Barrag\u00e1n, Rub\u00e9n Omar: Lic. en Educaci\u00f3n &#8211; Prof. de Matem\u00e1ticas &#8211; Prof. de Filosof\u00eda &#8211; Esp. en Educaci\u00f3n y TIC &#8211; Esp. en Ense\u00f1anza de la Matem\u00e1tica &#8211; Esp. en Pol\u00edticas Socioeducativas &#8211;\u00a0E. T. R. &#8230; <a title=\"Docentes y Personal Auxiliar de la Instituci\u00f3n\" class=\"read-more\" href=\"https:\/\/isfd139-bue.infd.edu.ar\/sitio\/docentes-y-personal-auxiliar\/\" aria-label=\"More on Docentes y Personal Auxiliar de la Instituci\u00f3n\">[+]<\/a><\/p>\n","protected":false},"author":117,"featured_media":0,"parent":0,"menu_order":0,"comment_status":"closed","ping_status":"closed","template":"","meta":[],"acf":[],"_links":{"self":[{"href":"https:\/\/isfd139-bue.infd.edu.ar\/sitio\/wp-json\/wp\/v2\/pages\/769"}],"collection":[{"href":"https:\/\/isfd139-bue.infd.edu.ar\/sitio\/wp-json\/wp\/v2\/pages"}],"about":[{"href":"https:\/\/isfd139-bue.infd.edu.ar\/sitio\/wp-json\/wp\/v2\/types\/page"}],"author":[{"embeddable":true,"href":"https:\/\/isfd139-bue.infd.edu.ar\/sitio\/wp-json\/wp\/v2\/users\/117"}],"replies":[{"embeddable":true,"href":"https:\/\/isfd139-bue.infd.edu.ar\/sitio\/wp-json\/wp\/v2\/comments?post=769"}],"version-history":[{"count":33,"href":"https:\/\/isfd139-bue.infd.edu.ar\/sitio\/wp-json\/wp\/v2\/pages\/769\/revisions"}],"predecessor-version":[{"id":1132,"href":"https:\/\/isfd139-bue.infd.edu.ar\/sitio\/wp-json\/wp\/v2\/pages\/769\/revisions\/1132"}],"wp:attachment":[{"href":"https:\/\/isfd139-bue.infd.edu.ar\/sitio\/wp-json\/wp\/v2\/media?parent=769"}],"curies":[{"name":"wp","href":"https:\/\/api.w.org\/{rel}","templated":true}]}}