{"id":776,"date":"2018-08-29T16:58:23","date_gmt":"2018-08-29T19:58:23","guid":{"rendered":"https:\/\/isfd139-bue.infd.edu.ar\/sitio\/historia\/"},"modified":"2025-10-21T16:37:05","modified_gmt":"2025-10-21T19:37:05","slug":"historia","status":"publish","type":"page","link":"https:\/\/isfd139-bue.infd.edu.ar\/sitio\/historia\/","title":{"rendered":"Historia"},"content":{"rendered":"<h2 class=\"MsoBodyText\" style=\"margin: 0cm 0cm 0pt; text-align: center;\"><span style=\"font-family: tahoma, arial, helvetica, sans-serif; font-size: 14pt;\"><strong>Instituto de Formaci\u00f3n Docente y T\u00e9cnica N\u00b0 139<\/strong><\/span><\/h2>\n<div class=\"MsoBodyText\" style=\"margin: 0cm 0cm 0pt; text-align: center;\"><span style=\"color: #800000; font-family: tahoma,arial,helvetica,sans-serif; font-size: 14pt;\"><strong>\u00a0<\/strong><\/span><\/div>\n<h1 class=\"MsoBodyText\" style=\"margin: 0cm 0cm 0pt; text-align: left;\"><span style=\"font-family: tahoma, arial, helvetica, sans-serif; font-size: 10pt;\"><strong>Antecedente de Nuestra Historia: La Creaci\u00f3n del \u201cColegio Nacional de Carmen de Areco\u201d<\/strong><\/span><\/h1>\n<div class=\"MsoBodyText\" style=\"margin: 0cm 0cm 0pt;\"><span style=\"font-family: verdana,geneva;\">\u00a0<\/span><\/div>\n<div class=\"MsoBodyText\" style=\"margin: 0cm 0cm 0pt; text-align: justify;\"><span style=\"font-family: verdana,geneva;\">En la segunda mitad de la d\u00e9cada del 50 del pasado siglo, se consideraba sumamente necesaria la existencia de un Colegio de Ense\u00f1anza Secundaria en nuestra ciudad, dado que quienes deseaban continuar sus estudios en ese nivel educativo deb\u00edan trasladarse a localidades vecinas para realizarlos, con un gran esfuerzo personal y de sus familias. <\/span><\/div>\n<div class=\"MsoBodyText\" style=\"margin: 0cm 0cm 0pt; text-align: justify;\"><span style=\"font-family: verdana,geneva;\">Existieron varios intentos de creaci\u00f3n que, por diversas circunstancias, no llegaron a concretarse. Finalmente, en el a\u00f1o 1958, Don Manuel Almeida, entonces Diputado Provincial, dio inicio a las gestiones tendientes a la creaci\u00f3n de un Colegio Nacional en Carmen de Areco, presentando el 17 de Septiembre de ese a\u00f1o ante la Honorable C\u00e1mara de Diputados de la Provincia de Buenos Aires un proyecto a tales fines; Proyecto que, luego de ser aprobado, fue remitido al Poder Ejecutivo Nacional y posteriormente derivado al Ministro de Educaci\u00f3n de la Naci\u00f3n de aquella \u00e9poca, el Dr. Luis Rafael Mac Kay.<\/span><\/div>\n<div class=\"MsoBodyText\" style=\"margin: 0cm 0cm 0pt; text-align: justify;\"><span style=\"font-family: verdana,geneva;\">A instancias del Diputado Almeida, se realizaron reuniones en el Honorable Concejo Deliberante de nuestra ciudad con la presencia de todas las fuerzas vivas del Distrito. <\/span><\/div>\n<div class=\"MsoNormal\" style=\"margin: 0cm 0cm 0pt; text-align: justify;\"><span style=\"font-family: verdana,geneva;\"><span lang=\"ES-AR\">De aquellas reuniones surgi\u00f3 por votaci\u00f3n una Comisi\u00f3n Ejecutiva Pro Colegio Nacional, la cual qued\u00f3 conformada por las siguientes personas: Presidente: Sr. Manuel Almeida, Vicepresidente 1\u00b0: Dr. Juan Hardu\u00edn, Vicepresidente 2\u00b0: El entonces Intendente Municipal, Don Am\u00e9rico Poggi, Secretario: Sr. Casto Carregal, Pro Secretario: Presb\u00edtero Juan Aguirre, <\/span><span style=\"mso-ansi-language: ES;\">Tesorero: Dr. Rafael Echenique, Pro Tesorero: Dr. Carlos Horta, Vocales 1\u00b0 y 2\u00b0: Dr. Carlos Espil y Dr. Roberto Igarzabal, respectivamente.<\/span><\/span><\/div>\n<div class=\"MsoBodyTextIndent\" style=\"margin: 0cm 0cm 0pt; text-align: justify;\"><span style=\"font-family: verdana,geneva;\">Con la voluntad y el esfuerzo de quienes integraron la primera Comisi\u00f3n Cooperadora y de muchos vecinos carme\u00f1os, comenz\u00f3 a funcionar el 16 de Marzo de 1959, mediante autorizaci\u00f3n ministerial, en la Escuela Primaria N\u00b0 4, cuya Directora era la Sra. Noem\u00ed Berastegui, una Instituci\u00f3n Privada denominada \u201cEstablecimiento de Ense\u00f1anza Secundaria de Carmen de Areco\u201d, designando Rector al Dr. Juan Hardu\u00edn, y continuando el Diputado Manuel Almeida con las gestiones para su reconocimiento oficial.<\/span><\/div>\n<div class=\"MsoBodyTextIndent\" style=\"margin: 0cm 0cm 0pt; text-align: justify;\"><span style=\"font-family: verdana,geneva;\">\u00a0<\/span><\/div>\n<div class=\"MsoBodyTextIndent\" style=\"margin: 0cm 0cm 0pt;\"><span style=\"font-family: verdana,geneva;\"><img decoding=\"async\" loading=\"lazy\" style=\"margin-right: auto; margin-left: auto; display: block;\" src=\"https:\/\/isfd139-bue.infd.edu.ar\/sitio\/wp-content\/uploads\/2018\/08\/Foto_Historia_N_1.jpg\" width=\"465\" height=\"315\" border=\"0\" \/><\/span><\/div>\n<div style=\"margin: 0cm 0cm 0pt; text-align: center;\"><span style=\"font-family: verdana,geneva; font-size: 8pt;\"><strong>\u00a0<\/strong><\/span><\/div>\n<div style=\"margin: 0cm 0cm 0pt; text-align: center;\"><span style=\"font-family: verdana,geneva; font-size: 8pt;\"><strong>AUTORIDADES, PRIMEROS DOCENTES, PERSONAL ADMINISTRATIVO Y FAMILIARES<\/strong><\/span><\/div>\n<div style=\"margin: 0cm 0cm 0pt; text-align: center;\"><span style=\"font-family: verdana,geneva; font-size: 8pt;\"><strong>30 DE OCTUBRE DE 1959<\/strong><strong><span style=\"font-size: 8pt; mso-spacerun: yes;\">\u00a0 <\/span><\/strong><\/span><\/div>\n<div class=\"MsoNormal\" style=\"margin: 0cm 0cm 0pt; text-align: justify;\"><span style=\"font-family: verdana,geneva; font-size: 7pt; mso-bidi-font-size: 12.0pt; mso-ansi-language: ES;\">\u00a0<\/span><\/div>\n<div class=\"MsoNormal\" style=\"margin: 0cm 0cm 0pt; text-align: justify;\"><span style=\"font-family: verdana,geneva; mso-ansi-language: ES;\">Aquel anhelo se convirti\u00f3 en realidad cuando el entonces Presidente de la Naci\u00f3n, Dr. Arturo Frondizi, por Decreto N\u00b0 9500 de ese mismo a\u00f1o, dispuso la creaci\u00f3n del Colegio Nacional de Carmen de Areco, hecho que se concret\u00f3, en un emotivo acto, el 30 de Octubre de 1959.<\/span><\/div>\n<div class=\"MsoNormal\" style=\"margin: 0cm 0cm 0pt; text-align: justify;\"><span lang=\"ES-AR\" style=\"font-family: verdana,geneva; mso-bidi-font-size: 12.0pt; mso-bidi-font-weight: normal;\">Comienza as\u00ed una historia plena de realizaciones para esta querida Instituci\u00f3n Educativa Carme\u00f1a. En el a\u00f1o 1962 se anexa el Comercial y, en los a\u00f1os siguientes, la Comisi\u00f3n Cooperadora se aboc\u00f3 a la tarea de adquirir un terreno destinado a la construcci\u00f3n de un edificio propio.<\/span><\/div>\n<div class=\"MsoBodyText2\" style=\"margin: 0cm 0cm 0pt; text-align: justify;\"><span style=\"font-family: verdana,geneva;\">Ante un urgente requerimiento por parte de las Autoridades Nacionales, el Sr. Carmelo Pellegrini y su se\u00f1ora esposa, D. Elisa Faccini de Pellegrini, donaron en el a\u00f1o 1970 el predio en el que se levanta el actual edificio, cuya piedra fundamental fue colocada en 1972 con la presencia del entonces Ministro de Educaci\u00f3n, Dr. Gustavo Malek, durante la Presidencia de la Naci\u00f3n del Teniente General Alejandro Agust\u00edn Lanusse.<\/span><\/div>\n<div class=\"MsoBodyText2\" style=\"margin: 0cm 0cm 0pt; text-align: justify;\"><span style=\"font-family: verdana,geneva;\">En el proceso de construcci\u00f3n se cont\u00f3 tambi\u00e9n con la<span style=\"mso-spacerun: yes;\">\u00a0 <\/span>colaboraci\u00f3n desinteresada del Sr. Pellegrini.<\/span><\/div>\n<div class=\"MsoBodyText2\" style=\"margin: 0cm 0cm 0pt; text-align: justify;\"><span style=\"font-family: verdana,geneva;\">\u00a0<\/span><\/div>\n<div style=\"text-align: center;\"><span style=\"font-family: verdana,geneva;\"><strong><span style=\"font-size: 8pt;\"><span style=\"mso-bidi-font-size: 12.0pt;\"><img decoding=\"async\" loading=\"lazy\" src=\"https:\/\/isfd139-bue.infd.edu.ar\/sitio\/wp-content\/uploads\/2018\/08\/Foto_Historia_N_2.jpg\" width=\"488\" height=\"249\" border=\"0\" \/><\/span><\/span><\/strong><\/span><\/div>\n<div style=\"text-align: center;\"><span style=\"font-family: verdana,geneva;\">\u00a0<\/span><\/div>\n<div style=\"text-align: center;\"><span style=\"font-family: verdana,geneva;\"><strong><span style=\"font-size: 8pt;\"><span style=\"mso-bidi-font-size: 12.0pt;\">FOTOGRAF\u00cdA DEL EDIFICIO EN CONSTRUCCI\u00d3N<\/span> <\/span><\/strong><\/span><\/div>\n<div><span style=\"font-family: verdana,geneva; mso-ansi-language: ES;\">\u00a0<\/span><\/div>\n<div style=\"text-align: justify;\"><span style=\"font-family: verdana,geneva; mso-ansi-language: ES;\">En el a\u00f1o 1981, con la obra casi terminada, por iniciativa de la Asociaci\u00f3n Cooperadora, se le impone el nombre de quien fuera el Secretario de la Primera Junta de Gobierno Patrio, fundador de la Gaceta de Buenos Aires e ide\u00f3logo de la Revoluci\u00f3n de Mayo, el Dr. Mariano Moreno.<\/span><\/div>\n<div class=\"MsoNormal\" style=\"margin: 0cm 0cm 0pt; text-align: justify;\"><span style=\"font-family: verdana,geneva; mso-ansi-language: ES;\">El 29 de Mayo de ese mismo a\u00f1o, en un concurrido acto acad\u00e9mico, se inaugura finalmente el edificio.<\/span><\/div>\n<div class=\"MsoNormal\" style=\"margin: 0cm 0cm 0pt; text-align: justify;\"><span style=\"font-family: verdana,geneva; mso-ansi-language: ES;\">\u00a0<\/span><\/div>\n<div class=\"MsoNormal\" style=\"margin: 0cm 0cm 0pt; text-align: center;\"><span style=\"font-family: verdana,geneva; font-size: 7pt; mso-bidi-font-size: 12.0pt; mso-ansi-language: ES;\"><img decoding=\"async\" loading=\"lazy\" src=\"https:\/\/isfd139-bue.infd.edu.ar\/sitio\/wp-content\/uploads\/2018\/08\/Foto_Historia_N_3_1.jpg\" width=\"499\" height=\"327\" border=\"0\" \/>\u00a0<\/span><\/div>\n<div class=\"MsoNormal\" style=\"margin: 0cm 0cm 0pt; text-align: justify;\"><span style=\"font-family: verdana,geneva; font-size: 7pt; mso-bidi-font-size: 12.0pt; mso-ansi-language: ES;\">\u00a0<\/span><\/div>\n<div class=\"MsoNormal\" style=\"margin: 0cm 0cm 0pt; text-align: center;\"><\/div>\n<div class=\"MsoNormal\" style=\"margin: 0cm 0cm 0pt; text-align: center;\"><span style=\"color: #000000; font-family: tahoma,arial,helvetica,sans-serif; font-size: 8pt;\"><strong><span lang=\"ES-AR\"><strong>TRADICIONAL CORTE DE CINTAS EN LA INAUGURACI\u00d3N DEL EDIFICIO DEL \u201cCOLEGIO NACIONAL DE CARMEN DE ARECO\u201d<\/strong><\/span><\/strong><\/span><\/div>\n<div class=\"MsoNormal\" style=\"margin: 0cm 0cm 0pt; text-align: center;\"><span style=\"color: #800000; font-family: tahoma,arial,helvetica,sans-serif; font-size: 14pt;\"><strong><span lang=\"ES-AR\">\u00a0<\/span><\/strong><\/span><\/div>\n<div class=\"MsoNormal\" style=\"margin: 0cm 0cm 0pt; text-align: center;\"><span style=\"font-family: tahoma, arial, helvetica, sans-serif; font-size: 14pt;\"><strong><span lang=\"ES-AR\">Creaci\u00f3n del \u201cInstituto Superior de Formaci\u00f3n Docente N\u00b0 139\u201d<\/span><\/strong><\/span><\/div>\n<div class=\"MsoNormal\" style=\"margin: 0cm 0cm 0pt; text-align: justify;\"><span style=\"font-family: verdana,geneva; mso-ansi-language: ES;\">\u00a0<\/span><\/div>\n<div class=\"MsoNormal\" style=\"margin: 0cm 0cm 0pt; text-align: justify;\"><span style=\"font-family: verdana,geneva; mso-ansi-language: ES;\">El 26 Mayo de 1987, por iniciativa de la Sra. Rectora, Prof. Mar\u00eda del Carmen Cereijo, de la Sra. Mirtha Mc. Kievi, del Sr. Juan Carlos Frusella, del Sr. Juan Quevedo y del Prof. C\u00e9sar Scandrloglio, entre otros, se autoriza el inicio de clases del Nivel Superior como anexo del ya tradicional Colegio Nacional de Carmen de Areco, dando nuevamente respuestas a las inquietudes y aspiraciones de formaci\u00f3n superior de los j\u00f3venes carme\u00f1os. <\/span><\/div>\n<div class=\"MsoNormal\" style=\"margin: 0cm 0cm 0pt; text-align: justify;\"><span style=\"font-family: verdana,geneva; mso-ansi-language: ES;\">Finalmente, el 23 de Septiembre de aquel a\u00f1o se crea oficialmente el Instituto Superior de Formaci\u00f3n Docente N\u00b0 139, siendo su primera Regente la Prof. Dora Luj\u00e1n C\u00f3lera, pasando a denominarse la Instituci\u00f3n \u201cColegio Nacional Superior Mariano Moreno\u201d.<\/span><\/div>\n<div class=\"MsoNormal\" style=\"margin: 0cm 0cm 0pt; text-align: justify;\"><span style=\"font-family: verdana,geneva; mso-ansi-language: ES;\">\u00a0<\/span><\/div>\n<div class=\"MsoNormal\" style=\"margin: 0cm 0cm 0pt;\"><span style=\"font-family: verdana,geneva; font-size: 7pt; mso-bidi-font-size: 12.0pt; mso-ansi-language: ES;\">\u00a0<img decoding=\"async\" loading=\"lazy\" style=\"margin-right: auto; margin-left: auto; display: block;\" src=\"https:\/\/isfd139-bue.infd.edu.ar\/sitio\/wp-content\/uploads\/2018\/08\/Foto_Historia_N_4.jpg\" width=\"567\" height=\"358\" border=\"0\" \/><\/span><\/div>\n<div style=\"margin: 0cm 0cm 0pt; text-align: center;\"><span style=\"font-family: verdana,geneva;\"><strong>\u00a0<\/strong><\/span><\/div>\n<div style=\"margin: 0cm 0cm 0pt; text-align: center;\"><span style=\"font-family: verdana,geneva;\"><strong><span style=\"font-size: 8pt;\">FOTOGRAF\u00cdA DE UNA DE LAS PROMOCIONES DEL ENTONCES LLAMADO \u201cMAGISTERIO\u201d<\/span><\/strong><\/span><\/div>\n<div class=\"MsoNormal\" style=\"margin: 0cm 0cm 0pt; text-align: justify;\"><span style=\"font-family: verdana,geneva;\"><span style=\"font-size: 7pt; mso-bidi-font-size: 12.0pt; mso-ansi-language: ES;\"><br \/>\n<\/span><span style=\"mso-ansi-language: ES;\">En el a\u00f1o 1992, se autoriza el inicio de clases de la carrera de T\u00e9cnico Superior en Producci\u00f3n Agr\u00edcola Ganadera, transformando al Instituto en mixto, de Formaci\u00f3n Docente y T\u00e9cnica. <\/span><\/span><\/div>\n<div class=\"MsoNormal\" style=\"margin: 0cm 0cm 0pt; text-align: justify;\"><span style=\"font-family: verdana,geneva; mso-ansi-language: ES;\">Luego de la transferencia de los Servicios Educativos de la Naci\u00f3n a la Provincia, obrada en 1993, el Nivel Medio de la Instituci\u00f3n pasa a llamarse \u201cEscuela de Educaci\u00f3n Media N\u00b0 202\u201d; conservando su nombre el Nivel Superior como \u201cInstituto Superior de Formaci\u00f3n Docente y T\u00e9cnica N\u00b0 139\u201d.<\/span><\/div>\n<div class=\"MsoNormal\" style=\"margin: 0cm 0cm 0pt; text-align: justify;\"><span style=\"font-family: verdana,geneva; mso-ansi-language: ES;\">Finalmente, en el a\u00f1o 2001, por resoluci\u00f3n de las Autoridades Educativas Provinciales, se le reconoce al Establecimiento su car\u00e1cter de Unidad Acad\u00e9mica, al igual que a otros Servicios Educativos transferidos en similares condiciones, denominando a la misma como \u201cEscuela Normal Superior Mariano Moreno\u201d.<\/span><\/div>\n<div class=\"MsoNormal\" style=\"margin: 0cm 0cm 0pt; text-align: justify;\"><span lang=\"ES-AR\" style=\"font-family: verdana,geneva; mso-bidi-font-size: 11.0pt; mso-bidi-font-weight: bold;\">De las aulas del Instituto han egresado Profesores de Educaci\u00f3n Primaria, Profesores de Educaci\u00f3n Inicial, Profesores en el 1\u00ba y 2\u00ba Ciclo de la EGB y T\u00e9cnicos Superiores en Producci\u00f3n Agr\u00edcola \u2013 Ganadera.<\/span><\/div>\n<div class=\"MsoNormal\" style=\"margin: 0cm 0cm 0pt; text-align: justify;\"><span lang=\"ES-AR\" style=\"font-family: verdana,geneva; mso-bidi-font-size: 11.0pt; mso-bidi-font-weight: bold;\">\u00a0<\/span><\/div>\n<div class=\"MsoBodyText3\" style=\"margin: 0cm 0cm 0pt;\"><span lang=\"ES-AR\" style=\"font-family: verdana,geneva; font-size: 7pt; mso-bidi-font-size: 11.0pt;\"><img decoding=\"async\" loading=\"lazy\" style=\"margin-right: auto; margin-left: auto; display: block;\" src=\"https:\/\/isfd139-bue.infd.edu.ar\/sitio\/wp-content\/uploads\/2018\/08\/Foto_Historia_N_5.jpg\" width=\"501\" height=\"304\" border=\"0\" \/><\/span><\/div>\n<pre class=\"MsoBodyText3\" style=\"margin: 0cm 0cm 0pt; text-align: justify;\"><\/pre>\n<div class=\"MsoBodyText3\" style=\"margin: 0cm 0cm 0pt; text-align: center;\"><span lang=\"ES-AR\" style=\"font-family: verdana,geneva; font-size: 7pt; mso-bidi-font-size: 11.0pt;\">\u00a0<\/span><span style=\"font-family: verdana,geneva; font-size: 8pt;\"><strong>FOTOGRAF\u00cdA DE ALUMNAS DEL PROFESORADO EN EDUCACI\u00d3N INICIAL EN EL <strong>INGRESO AL EDIFICIO<\/strong><\/strong><\/span><\/div>\n<div class=\"MsoBodyText3\" style=\"margin: 0cm 0cm 0pt; text-align: center;\"><span style=\"font-family: verdana,geneva; font-size: 8pt;\"><strong><strong>D\u00cdA DE LA MAESTRA JARDINERA &#8211; 2009<\/strong>\u00a0<\/strong><\/span><\/div>\n<div class=\"MsoBodyText3\" style=\"margin: 0cm 0cm 0pt; text-align: justify;\"><span lang=\"ES-AR\" style=\"font-family: verdana,geneva;\">\u00a0<\/span><\/p>\n<div class=\"MsoBodyText3\" style=\"text-align: justify;\"><span style=\"font-family: verdana,geneva; font-size: 10pt;\"><span lang=\"ES-AR\" style=\"font-family: verdana,geneva;\">En la instituci\u00f3n se han realizado numerosos Cursos de Capacitaci\u00f3n, de Actualizaci\u00f3n Acad\u00e9mica y diversos Programas de Extensi\u00f3n, en trabajo mancomunado con el Nivel Primario y Especial del Distrito.<\/span><\/span><\/div>\n<div class=\"MsoBodyText3\" style=\"text-align: justify;\"><span style=\"font-family: verdana,geneva; font-size: 10pt;\">El Instituto desarrolla su labor docente con un alto nivel de compromiso con la Educaci\u00f3n, habiendo sido seleccionado en la Provincia de Buenos Aires entre los generadores de Proyectos Innovadores, y por el Ministerio de Educaci\u00f3n de la Naci\u00f3n y el Instituto Nacional de Formaci\u00f3n Docente para la implementaci\u00f3n de\u00a0 Proyectos de Mejora Institucional. El Instituto orienta su labor hacia una Formaci\u00f3n Superior que de respuesta a las necesidades de Recursos Humanos del Distrito; tanto en lo referente a Profesorados para el Nivel Secundario, la Escuela Primaria B\u00e1sica, el Nivel Inicial y la Educaci\u00f3n Especial, como as\u00ed tambi\u00e9n a la Formaci\u00f3n de T\u00e9cnicos Superiores en \u00e1reas ligadas a la Producci\u00f3n y los Servicios.<\/span><\/div>\n<div class=\"MsoBodyText3\" style=\"margin: 0cm 0cm 0pt; text-align: justify;\"><\/div>\n<div class=\"MsoBodyText3\" style=\"margin: 0cm 0cm 0pt; text-align: center;\"><span style=\"font-family: verdana,geneva; font-size: 8pt;\"><strong><img decoding=\"async\" loading=\"lazy\" src=\"https:\/\/isfd139-bue.infd.edu.ar\/sitio\/wp-content\/uploads\/2018\/08\/Foto_Historia_N_6_1.jpg\" width=\"487\" height=\"267\" border=\"0\" \/>\u00a0<\/strong><\/span><\/div>\n<div class=\"MsoBodyText3\" style=\"margin: 0cm 0cm 0pt; text-align: center;\"><span style=\"font-family: verdana,geneva; font-size: 8pt;\"><strong>\u00a0<\/strong><\/span><\/div>\n<div class=\"MsoBodyText3\" style=\"margin: 0cm 0cm 0pt; text-align: center;\"><span style=\"font-family: verdana,geneva; font-size: 8pt;\"><strong>FOTOGRAF\u00cdA DE ALUMNOS DE LAS ECUELAS PRIMARIAS DEL DISTRITO EN LA VISITA A \u201cLA FERIA DE LOS SENTIDOS\u201d ORGANIZADA POR EL INSTITUTO EN 1997 <\/strong><\/span><\/div>\n<div class=\"MsoNormal\" style=\"margin: 0cm 0cm 0pt; text-align: justify;\"><span lang=\"ES-AR\" style=\"font-family: verdana,geneva; mso-bidi-font-weight: bold;\">\u00a0<\/span><\/div>\n<div class=\"MsoNormal\" style=\"margin: 0cm 0cm 0pt; text-align: justify;\"><span lang=\"ES-AR\" style=\"font-family: verdana,geneva; mso-bidi-font-size: 11.0pt; mso-bidi-font-weight: bold;\">Motivo de orgullo para Carmen de Areco, se compromete a seguir siendo Formador de Formadores y T\u00e9cnicos.<span style=\"mso-spacerun: yes;\">\u00a0 <\/span><\/span><\/div>\n<div class=\"MsoNormal\" style=\"margin: 0cm 0cm 0pt; text-align: justify;\"><span style=\"font-family: verdana,geneva; mso-ansi-language: ES;\">Es \u00e9sta, una apretada s\u00edntesis de la historia de nuestra instituci\u00f3n.<\/span><\/div>\n<div style=\"text-align: justify;\"><span style=\"font-family: verdana,geneva;\"> Todas estas realizaciones pasadas y presentes, no hubiesen sido posibles sin la impronta, la decisi\u00f3n y el esfuerzo de quienes so\u00f1aron con la creaci\u00f3n del Colegio Nacional de Carmen de Areco. <\/span><span style=\"font-family: verdana,geneva;\">Vaya entonces, para todos ellos, nuestro sincero reconocimiento y gratitud. <\/span><\/div>\n<\/div>\n","protected":false},"excerpt":{"rendered":"<p>Instituto de Formaci\u00f3n Docente y T\u00e9cnica N\u00b0 139 \u00a0 Antecedente de Nuestra Historia: La Creaci\u00f3n del \u201cColegio Nacional de Carmen de Areco\u201d \u00a0 En la segunda mitad de la d\u00e9cada del 50 del pasado siglo, se consideraba sumamente necesaria la existencia de un Colegio de Ense\u00f1anza Secundaria en nuestra ciudad, dado que quienes deseaban continuar &#8230; <a title=\"Historia\" class=\"read-more\" href=\"https:\/\/isfd139-bue.infd.edu.ar\/sitio\/historia\/\" aria-label=\"More on Historia\">[+]<\/a><\/p>\n","protected":false},"author":117,"featured_media":0,"parent":0,"menu_order":0,"comment_status":"closed","ping_status":"closed","template":"","meta":[],"acf":[],"_links":{"self":[{"href":"https:\/\/isfd139-bue.infd.edu.ar\/sitio\/wp-json\/wp\/v2\/pages\/776"}],"collection":[{"href":"https:\/\/isfd139-bue.infd.edu.ar\/sitio\/wp-json\/wp\/v2\/pages"}],"about":[{"href":"https:\/\/isfd139-bue.infd.edu.ar\/sitio\/wp-json\/wp\/v2\/types\/page"}],"author":[{"embeddable":true,"href":"https:\/\/isfd139-bue.infd.edu.ar\/sitio\/wp-json\/wp\/v2\/users\/117"}],"replies":[{"embeddable":true,"href":"https:\/\/isfd139-bue.infd.edu.ar\/sitio\/wp-json\/wp\/v2\/comments?post=776"}],"version-history":[{"count":1,"href":"https:\/\/isfd139-bue.infd.edu.ar\/sitio\/wp-json\/wp\/v2\/pages\/776\/revisions"}],"predecessor-version":[{"id":1237,"href":"https:\/\/isfd139-bue.infd.edu.ar\/sitio\/wp-json\/wp\/v2\/pages\/776\/revisions\/1237"}],"wp:attachment":[{"href":"https:\/\/isfd139-bue.infd.edu.ar\/sitio\/wp-json\/wp\/v2\/media?parent=776"}],"curies":[{"name":"wp","href":"https:\/\/api.w.org\/{rel}","templated":true}]}}