{"id":979,"date":"2021-03-22T10:06:29","date_gmt":"2021-03-22T13:06:29","guid":{"rendered":"https:\/\/isfd139-bue.infd.edu.ar\/sitio\/?page_id=979"},"modified":"2024-10-31T21:50:29","modified_gmt":"2024-11-01T00:50:29","slug":"normativa-institucional-y-normativa-para-concursos","status":"publish","type":"page","link":"https:\/\/isfd139-bue.infd.edu.ar\/sitio\/normativa-institucional-y-normativa-para-concursos\/","title":{"rendered":"Normativa para Concursos y Dise\u00f1os Curriculares"},"content":{"rendered":"<p style=\"text-align: center;\"><span style=\"font-size: 14pt;\"><strong><span style=\"color: #0000ff;\">NORMATIVA PARA CONCURSOS Y DISE\u00d1OS CURRICULARES\u00a0<\/span><\/strong><\/span><\/p>\n<p style=\"text-align: center;\"><span style=\"font-size: 14pt;\"><strong><span style=\"color: #0000ff;\">ESCUELA NORMAL SUPERIOR \u00bb MARIANO\u00a0MORENO\u00bb<\/span><\/strong><\/span><\/p>\n<p style=\"text-align: center;\"><span style=\"font-size: 14pt;\"><strong><span style=\"color: #0000ff;\">\u00a0ISFDyT N\u00b0 139 y Anexo<\/span><\/strong><\/span><\/p>\n<p style=\"text-align: left;\"><span style=\"font-size: 12pt;\"><strong><span style=\"color: #0000ff;\">\u00a0<\/span><\/strong><\/span><\/p>\n<p><span style=\"font-size: 12pt;\"><span style=\"color: #0000ff;\"><span style=\"color: #000000;\"><span style=\"font-size: 12pt; color: #000000;\"><b>Bienvenidas y Bienvenidos<\/b><\/span><\/span><\/span><\/span><\/p>\n<p style=\"text-align: left;\"><span style=\"font-size: 12pt;\"><span style=\"color: #0000ff;\"><span style=\"color: #000000;\"><span style=\"font-size: 12pt; color: #000000;\"><b>En esta p\u00e1gina encontrar\u00e1n el enlace toda la normativa Institucional, <\/b><\/span><span style=\"color: #000000;\"><b>incluidas<\/b><\/span><span style=\"font-size: 12pt; color: #000000;\"><b> las jurisdiccionales, y tambi\u00e9n toda aquella necesaria para la presentaci\u00f3n de Proyectos de C\u00e1tedra.<\/b><\/span><\/span><\/span><\/span><\/p>\n<p><em><a href=\"https:\/\/drive.google.com\/drive\/folders\/1S_TaGiLJSe4FPLyGGmA_lGv-_XumpYgq?usp=sharing\"><strong>Normativas para concursos<\/strong><\/a><\/em><\/p>\n<p><em><strong><a href=\"https:\/\/drive.google.com\/drive\/folders\/1nwDlGMK3DSOetLtJq34ImkF20P90in2S?usp=sharing\">Dise\u00f1os Curriculares de Carreras para Proyectos<\/a><\/strong><\/em><\/p>\n<p><strong><a href=\"https:\/\/drive.google.com\/file\/d\/1KgdBuhadQmR24G9Gs0TpfWP5Kl3yCG-Z\/view?usp=sharing\"><em>Grilla de Evaluaci\u00f3n\u00a0<\/em><\/a><\/strong><\/p>\n<p><span style=\"font-size: 12pt;\"><span style=\"color: #0000ff;\"><span style=\"color: #000000;\"><span style=\"font-size: 12pt; color: #000000;\"><b>Esp. Lic. Rub\u00e9n Omar Barrag\u00e1n<\/b><\/span><\/span><\/span><\/span><\/p>\n<p style=\"text-align: left;\"><span style=\"font-size: 12pt;\"><strong><span style=\"color: #0000ff;\">\u00a0<\/span><\/strong><\/span><\/p>\n","protected":false},"excerpt":{"rendered":"<p>NORMATIVA PARA CONCURSOS Y DISE\u00d1OS CURRICULARES\u00a0 ESCUELA NORMAL SUPERIOR \u00bb MARIANO\u00a0MORENO\u00bb \u00a0ISFDyT N\u00b0 139 y Anexo \u00a0 Bienvenidas y Bienvenidos En esta p\u00e1gina encontrar\u00e1n el enlace toda la normativa Institucional, incluidas las jurisdiccionales, y tambi\u00e9n toda aquella necesaria para la presentaci\u00f3n de Proyectos de C\u00e1tedra. Normativas para concursos Dise\u00f1os Curriculares de Carreras para Proyectos Grilla &#8230; <a title=\"Normativa para Concursos y Dise\u00f1os Curriculares\" class=\"read-more\" href=\"https:\/\/isfd139-bue.infd.edu.ar\/sitio\/normativa-institucional-y-normativa-para-concursos\/\" aria-label=\"More on Normativa para Concursos y Dise\u00f1os Curriculares\">[+]<\/a><\/p>\n","protected":false},"author":107,"featured_media":0,"parent":0,"menu_order":0,"comment_status":"closed","ping_status":"closed","template":"","meta":[],"acf":[],"_links":{"self":[{"href":"https:\/\/isfd139-bue.infd.edu.ar\/sitio\/wp-json\/wp\/v2\/pages\/979"}],"collection":[{"href":"https:\/\/isfd139-bue.infd.edu.ar\/sitio\/wp-json\/wp\/v2\/pages"}],"about":[{"href":"https:\/\/isfd139-bue.infd.edu.ar\/sitio\/wp-json\/wp\/v2\/types\/page"}],"author":[{"embeddable":true,"href":"https:\/\/isfd139-bue.infd.edu.ar\/sitio\/wp-json\/wp\/v2\/users\/107"}],"replies":[{"embeddable":true,"href":"https:\/\/isfd139-bue.infd.edu.ar\/sitio\/wp-json\/wp\/v2\/comments?post=979"}],"version-history":[{"count":12,"href":"https:\/\/isfd139-bue.infd.edu.ar\/sitio\/wp-json\/wp\/v2\/pages\/979\/revisions"}],"predecessor-version":[{"id":1154,"href":"https:\/\/isfd139-bue.infd.edu.ar\/sitio\/wp-json\/wp\/v2\/pages\/979\/revisions\/1154"}],"wp:attachment":[{"href":"https:\/\/isfd139-bue.infd.edu.ar\/sitio\/wp-json\/wp\/v2\/media?parent=979"}],"curies":[{"name":"wp","href":"https:\/\/api.w.org\/{rel}","templated":true}]}}